{"id":120,"date":"2023-02-09T16:20:31","date_gmt":"2023-02-09T15:20:31","guid":{"rendered":"https:\/\/staging.malpaga.it\/?page_id=120"},"modified":"2023-03-17T12:54:10","modified_gmt":"2023-03-17T11:54:10","slug":"tenuta-malpaga-zonazione-dei-vigneti","status":"publish","type":"page","link":"https:\/\/staging.malpaga.it\/?page_id=120","title":{"rendered":"Tenuta Malpaga &#8211; Zonazione dei Vigneti"},"content":{"rendered":"<p>[et_pb_section fb_built=&#8221;1&#8243; fullwidth=&#8221;on&#8221; _builder_version=&#8221;4.19.5&#8243; _module_preset=&#8221;default&#8221; background_image=&#8221;https:\/\/staging.malpaga.it\/wp-content\/uploads\/2023\/02\/grappolo_pinot.jpg&#8221; global_colors_info=&#8221;{}&#8221;][et_pb_fullwidth_header title=&#8221;Zonazione Aziendale&#8221; _builder_version=&#8221;4.19.5&#8243; _module_preset=&#8221;default&#8221; title_font=&#8221;MonteCarlo|700|||||||&#8221; title_text_align=&#8221;center&#8221; title_font_size=&#8221;100px&#8221; background_enable_color=&#8221;off&#8221; custom_padding=&#8221;200px||200px||false|false&#8221; title_text_shadow_style=&#8221;preset4&#8243; global_colors_info=&#8221;{}&#8221;][\/et_pb_fullwidth_header][\/et_pb_section][et_pb_section fb_built=&#8221;1&#8243; admin_label=&#8221;Best Beans&#8221; _builder_version=&#8221;4.19.5&#8243; background_color_gradient_direction=&#8221;90deg&#8221; background_enable_image=&#8221;off&#8221; custom_padding=&#8221;0px|0px|0px|0px&#8221; global_colors_info=&#8221;{}&#8221;][et_pb_row _builder_version=&#8221;4.19.5&#8243; _module_preset=&#8221;default&#8221; global_colors_info=&#8221;{}&#8221;][et_pb_column type=&#8221;4_4&#8243; _builder_version=&#8221;4.19.5&#8243; _module_preset=&#8221;default&#8221; global_colors_info=&#8221;{}&#8221;][et_pb_text _builder_version=&#8221;4.19.5&#8243; _module_preset=&#8221;default&#8221; text_font=&#8221;Montaga||||||||&#8221; text_font_size=&#8221;18px&#8221; global_colors_info=&#8221;{}&#8221;]<\/p>\n<p style=\"text-align: justify;\">La politica di sviluppo della superficie vitata \u00e8 stata finalizzata ad esaltare la tipicit\u00e0 e la qualit\u00e0 dei vini attraverso una scelta mirata delle combinazioni vitigno\/clone\/portinnesto: i vigneti della<span>\u00a0<\/span><strong>Tenuta Malpaga<\/strong><span>\u00a0<\/span>a<span>\u00a0<\/span><strong>Canneto Pavese<\/strong><span>\u00a0<\/span>caratterizzati da terreni sciolti magri e tendenzialmente asciutti, con un clima mite e ventilato per la conformazione collinare, sono stati destinati alla produzione del tradizionale uvaggio che comprende la variet\u00e0<span>\u00a0<\/span><strong>Croatina<\/strong>,<span>\u00a0<\/span><strong>Barbera<\/strong><span>\u00a0<\/span>e<span>\u00a0<\/span><strong>Uva Rara<\/strong><span>\u00a0<\/span>da cui si ottengono i rossi<span>\u00a0<\/span><strong>Buttafuoco<\/strong><span>\u00a0<\/span>e<span>\u00a0<\/span><strong>Sangue di Giuda<\/strong>. Una particolare selezione delle vigne presenti alla Tenuta Malpaga, avente la migliore esposizione \u00e8 stata destinata alla produzione del<span>\u00a0<\/span><strong>Cru \u201cVigna Soleggia\u201d Buttafuoco<\/strong>, un vino molto longevo e dal forte carattere.<\/p>\n<p style=\"text-align: justify;\">Sulle colline piu orientali dell\u2019Oltrep\u00f2 Pavese nel podere<span>\u00a0<\/span><strong>Fontanelle di Zenevredo<\/strong>, dove i terreni sono piu freschi e argillosi sono stati impiantate diversi cloni di<span>\u00a0<\/span><strong>Pinot Nero<\/strong><span>\u00a0<\/span>, sia adatti alla produzione di basi spumante sia per la vinificazione in rosso; inoltre su una superficie di circa 3 ha, cloni di<span>\u00a0<\/span><strong>Croatina<\/strong><span>\u00a0<\/span>selezionati in zona per mantenere la massima tipicit\u00e0 del Bonarda.<\/p>\n<p style=\"text-align: justify;\">Nella zona pi\u00f9 occidentale dell\u2019Oltrep\u00f2 Pavese e pi\u00f9 precisamente nel comune di<span>\u00a0<\/span><strong>Montebello della Battaglia<\/strong><span>\u00a0<\/span>all\u2019interno della tenuta storica<strong><span>\u00a0<\/span>\u201cLa Roveda\u201d<\/strong><span>\u00a0<\/span>in un ambiente pedoclimatico pi\u00f9 caldo e asciutto, \u00e8 stato optato per la produzione di<span>\u00a0<\/span><strong>Barbera<\/strong>,<span>\u00a0<\/span><strong>Merlot<\/strong>,<span>\u00a0<\/span><strong>Pinot Grigio<\/strong>,<span>\u00a0<\/span><strong>Riesling<\/strong><span>\u00a0<\/span>e<span>\u00a0<\/span><strong>Moscato<\/strong>.<\/p>\n<p>[\/et_pb_text][et_pb_code _builder_version=&#8221;4.19.5&#8243; _module_preset=&#8221;default&#8221; global_colors_info=&#8221;{}&#8221;]<style type=\"text\/css\">\r\n\t#foogallery-gallery-125 .fg-image {\r\n        width: 100px;\r\n    }\r\n<\/style>\r\n\t\t\t\t<div class=\"foogallery foogallery-container foogallery-default foogallery-lightbox-foobox fg-gutter-10 fg-center fg-default fg-light fg-border-thin fg-shadow-outline fg-loading-default fg-loaded-fade-in fg-caption-hover fg-hover-fade fg-hover-zoom fg-ready\" id=\"foogallery-gallery-125\" data-foogallery=\"{&quot;item&quot;:{&quot;showCaptionTitle&quot;:true,&quot;showCaptionDescription&quot;:true},&quot;lazy&quot;:true}\" >\r\n\t<div class=\"fg-item fg-type-image fg-idle\"><figure class=\"fg-item-inner\"><a href=\"https:\/\/staging.malpaga.it\/wp-content\/uploads\/2023\/02\/malpaga_vista-1.jpg\" data-attachment-id=\"130\" class=\"fg-thumb\"><span class=\"fg-image-wrap\"><img decoding=\"async\" width=\"100\" height=\"100\" class=\"skip-lazy fg-image\" data-src-fg=\"https:\/\/staging.malpaga.it\/wp-content\/uploads\/cache\/2023\/02\/malpaga_vista-1\/191936411.jpg\" src=\"data:image\/svg+xml,%3Csvg%20xmlns%3D%22http%3A%2F%2Fwww.w3.org%2F2000%2Fsvg%22%20width%3D%22100%22%20height%3D%22100%22%20viewBox%3D%220%200%20100%20100%22%3E%3C%2Fsvg%3E\" loading=\"eager\"><\/span><span class=\"fg-image-overlay\"><\/span><\/a><figcaption class=\"fg-caption\"><div class=\"fg-caption-inner\"><\/div><\/figcaption><\/figure><div class=\"fg-loader\"><\/div><\/div><div class=\"fg-item fg-type-image fg-idle\"><figure class=\"fg-item-inner\"><a href=\"https:\/\/staging.malpaga.it\/wp-content\/uploads\/2023\/02\/malpaga_vista_collina.jpg\" data-attachment-id=\"131\" class=\"fg-thumb\"><span class=\"fg-image-wrap\"><img decoding=\"async\" width=\"100\" height=\"100\" class=\"skip-lazy fg-image\" data-src-fg=\"https:\/\/staging.malpaga.it\/wp-content\/uploads\/cache\/2023\/02\/malpaga_vista_collina\/1974408953.jpg\" src=\"data:image\/svg+xml,%3Csvg%20xmlns%3D%22http%3A%2F%2Fwww.w3.org%2F2000%2Fsvg%22%20width%3D%22100%22%20height%3D%22100%22%20viewBox%3D%220%200%20100%20100%22%3E%3C%2Fsvg%3E\" loading=\"eager\"><\/span><span class=\"fg-image-overlay\"><\/span><\/a><figcaption class=\"fg-caption\"><div class=\"fg-caption-inner\"><\/div><\/figcaption><\/figure><div class=\"fg-loader\"><\/div><\/div><div class=\"fg-item fg-type-image fg-idle\"><figure class=\"fg-item-inner\"><a href=\"https:\/\/staging.malpaga.it\/wp-content\/uploads\/2023\/02\/malpaga_germoglio.jpg\" data-attachment-id=\"129\" class=\"fg-thumb\"><span class=\"fg-image-wrap\"><img decoding=\"async\" width=\"100\" height=\"100\" class=\"skip-lazy fg-image\" data-src-fg=\"https:\/\/staging.malpaga.it\/wp-content\/uploads\/cache\/2023\/02\/malpaga_germoglio\/426218291.jpg\" src=\"data:image\/svg+xml,%3Csvg%20xmlns%3D%22http%3A%2F%2Fwww.w3.org%2F2000%2Fsvg%22%20width%3D%22100%22%20height%3D%22100%22%20viewBox%3D%220%200%20100%20100%22%3E%3C%2Fsvg%3E\" loading=\"eager\"><\/span><span class=\"fg-image-overlay\"><\/span><\/a><figcaption class=\"fg-caption\"><div class=\"fg-caption-inner\"><\/div><\/figcaption><\/figure><div class=\"fg-loader\"><\/div><\/div><div class=\"fg-item fg-type-image fg-idle\"><figure class=\"fg-item-inner\"><a href=\"https:\/\/staging.malpaga.it\/wp-content\/uploads\/2023\/02\/vigneto_malpaga.jpg\" data-attachment-id=\"132\" class=\"fg-thumb\"><span class=\"fg-image-wrap\"><img decoding=\"async\" width=\"100\" height=\"100\" class=\"skip-lazy fg-image\" data-src-fg=\"https:\/\/staging.malpaga.it\/wp-content\/uploads\/cache\/2023\/02\/vigneto_malpaga\/2417507799.jpg\" src=\"data:image\/svg+xml,%3Csvg%20xmlns%3D%22http%3A%2F%2Fwww.w3.org%2F2000%2Fsvg%22%20width%3D%22100%22%20height%3D%22100%22%20viewBox%3D%220%200%20100%20100%22%3E%3C%2Fsvg%3E\" loading=\"eager\"><\/span><span class=\"fg-image-overlay\"><\/span><\/a><figcaption class=\"fg-caption\"><div class=\"fg-caption-inner\"><\/div><\/figcaption><\/figure><div class=\"fg-loader\"><\/div><\/div><div class=\"fg-item fg-type-image fg-idle\"><figure class=\"fg-item-inner\"><a href=\"https:\/\/staging.malpaga.it\/wp-content\/uploads\/2023\/02\/grappolo_pinot.jpg\" data-attachment-id=\"126\" class=\"fg-thumb\"><span class=\"fg-image-wrap\"><img decoding=\"async\" width=\"100\" height=\"100\" class=\"skip-lazy fg-image\" data-src-fg=\"https:\/\/staging.malpaga.it\/wp-content\/uploads\/cache\/2023\/02\/grappolo_pinot\/1785018982.jpg\" src=\"data:image\/svg+xml,%3Csvg%20xmlns%3D%22http%3A%2F%2Fwww.w3.org%2F2000%2Fsvg%22%20width%3D%22100%22%20height%3D%22100%22%20viewBox%3D%220%200%20100%20100%22%3E%3C%2Fsvg%3E\" loading=\"eager\"><\/span><span class=\"fg-image-overlay\"><\/span><\/a><figcaption class=\"fg-caption\"><div class=\"fg-caption-inner\"><\/div><\/figcaption><\/figure><div class=\"fg-loader\"><\/div><\/div><\/div>\r\n[\/et_pb_code][\/et_pb_column][\/et_pb_row][\/et_pb_section][et_pb_section fb_built=&#8221;1&#8243; _builder_version=&#8221;4.20.2&#8243; _module_preset=&#8221;default&#8221; background_color=&#8221;RGBA(255,255,255,0)&#8221; background_enable_image=&#8221;off&#8221; border_width_all=&#8221;5px&#8221; border_color_all=&#8221;#E09900&#8243; global_colors_info=&#8221;{}&#8221; theme_builder_area=&#8221;post_content&#8221;][et_pb_row column_structure=&#8221;1_2,1_2&#8243; _builder_version=&#8221;4.20.2&#8243; _module_preset=&#8221;default&#8221; global_colors_info=&#8221;{}&#8221; theme_builder_area=&#8221;post_content&#8221;][et_pb_column type=&#8221;1_2&#8243; _builder_version=&#8221;4.20.2&#8243; _module_preset=&#8221;default&#8221; global_colors_info=&#8221;{}&#8221; theme_builder_area=&#8221;post_content&#8221;][et_pb_text _builder_version=&#8221;4.20.2&#8243; _module_preset=&#8221;default&#8221; text_font=&#8221;Montaga||||||||&#8221; text_font_size=&#8221;20px&#8221; global_colors_info=&#8221;{}&#8221; theme_builder_area=&#8221;post_content&#8221;]<\/p>\n<blockquote>\n<p style=\"text-align: center;\"><span style=\"color: #ff0000;\"><strong>\u00a0NEWSLETTER DELLA TENUTA MALPAGA<\/strong><\/span><\/p>\n<\/blockquote>\n<p>[\/et_pb_text][et_pb_text _builder_version=&#8221;4.20.2&#8243; _module_preset=&#8221;default&#8221; text_font=&#8221;Montaga||||||||&#8221; text_font_size=&#8221;15px&#8221; global_colors_info=&#8221;{}&#8221; theme_builder_area=&#8221;post_content&#8221;]<\/p>\n<blockquote>\n<p style=\"text-align: justify;\"><strong>Iscrivendoti alla newsletter della Tenuta Malpaga rimarrai aggiornato sulle novit\u00e0 e sulle promozioni dei prodotti, sugli eventi e sulle degustazioni. Inoltre rimarrai anche aggiornato sulle proposte dell&#8217;<a href=\"https:\/\/www.agriturismolaroveda.com\/\" target=\"_blank\" rel=\"noopener\">Agriturismo La Roveda<\/a>, che \u00e8 parte integrante della Tenuta Malpaga.<\/strong><\/p>\n<p><span style=\"color: #ff0000;\"><strong><\/strong><\/span><br \/>\n<BR><span style=\"color: #ff0000;\"><strong>AL TERMINE DELL&#8217;ISCRIZIONE RICEVERAI SUBITO UN CODICE SCONTO DEL 10% SUGLI ACQUISTI CHE FARAI NEL NOSTRO E-SHOP<\/strong><\/span><\/p><\/blockquote>\n<p>[\/et_pb_text][\/et_pb_column][et_pb_column type=&#8221;1_2&#8243; _builder_version=&#8221;4.20.2&#8243; _module_preset=&#8221;default&#8221; global_colors_info=&#8221;{}&#8221; theme_builder_area=&#8221;post_content&#8221;][et_pb_code _builder_version=&#8221;4.20.2&#8243; _module_preset=&#8221;default&#8221; global_colors_info=&#8221;{}&#8221; theme_builder_area=&#8221;post_content&#8221;]\t\t\t<form id=\"sib_signup_form_1\" method=\"post\" class=\"sib_signup_form\">\n\t\t\t\t<div class=\"sib_loader\" style=\"display:none;\"><img\n\t\t\t\t\t\t\tsrc=\"https:\/\/staging.malpaga.it\/wp-includes\/images\/spinner.gif\" alt=\"loader\"><\/div>\n\t\t\t\t<input type=\"hidden\" name=\"sib_form_action\" value=\"subscribe_form_submit\">\n\t\t\t\t<input type=\"hidden\" name=\"sib_form_id\" value=\"1\">\n                <input type=\"hidden\" name=\"sib_form_alert_notice\" value=\"Please fill out this field\">\n                <input type=\"hidden\" name=\"sib_security\" value=\"6700f09c9a\">\n\t\t\t\t<div class=\"sib_signup_box_inside_1\">\n\t\t\t\t\t<div style=\"\/*display:none*\/\" class=\"sib_msg_disp\">\n\t\t\t\t\t<\/div>\n                    \t\t\t\t\t    <font face=\"\u201dmontaga\u201d\"><STRONG>Email*\r\n    <input type=\"email\" class=\"sib-email-area\" name=\"email\" required=\"required\">\r\n<\/p>\r\n<p class=\"sib-NAME-area\">\r\n    Nome\r\n    <input type=\"text\" class=\"sib-NAME-area\" name=\"NAME\">\r\n<\/p>\r\n<p><input type=\"checkbox\" name=\"terms\" required=\"required\">Dichiaro di accettare <a href=\"https:\/\/staging.malpaga.it\/?page_id=1464\">termini e condizioni della Privacy Policy<\/a> \r\n<strong><p class=\"sib-email-area\"><\/p>\r\n<p>\r\n    <input type=\"submit\" class=\"sib-default-btn\" value=\"Iscriviti alla newsletter della Tenuta Malpaga\">\r\n<\/p><\/strong><\/font>\r\n\t\t\t\t<\/div>\n\t\t\t<\/form>\n\t\t\t<style>\n\t\t\t\tform#sib_signup_form_1 { padding: 5px; -moz-box-sizing:border-box; -webkit-box-sizing: border-box; box-sizing: border-box; } form#sib_signup_form_1 input[type=text],form#sib_signup_form_1 input[type=email], form#sib_signup_form_1 select { width: 100%; border: 1px solid #bbb; height: auto; margin: 5px 0 0 0; } form#sib_signup_form_1 .sib-default-btn { margin: 5px 0; padding: 6px 12px; color:#fff; background-color: #333; border-color: #2E2E2E; font-size: 14px; font-weight:400; line-height: 1.4285; text-align: center; cursor: pointer; vertical-align: middle; -webkit-user-select:none; -moz-user-select:none; -ms-user-select:none; user-select:none; white-space: normal; border:1px solid transparent; border-radius: 3px; } form#sib_signup_form_1 .sib-default-btn:hover { background-color: #444; } form#sib_signup_form_1 p{ margin: 10px 0 0 0; }form#sib_signup_form_1 p.sib-alert-message {\n    padding: 6px 12px;\n    margin-bottom: 20px;\n    border: 1px solid transparent;\n    border-radius: 4px;\n    -webkit-box-sizing: border-box;\n    -moz-box-sizing: border-box;\n    box-sizing: border-box;\n}\nform#sib_signup_form_1 p.sib-alert-message-error {\n    background-color: #f2dede;\n    border-color: #ebccd1;\n    color: #a94442;\n}\nform#sib_signup_form_1 p.sib-alert-message-success {\n    background-color: #dff0d8;\n    border-color: #d6e9c6;\n    color: #3c763d;\n}\nform#sib_signup_form_1 p.sib-alert-message-warning {\n    background-color: #fcf8e3;\n    border-color: #faebcc;\n    color: #8a6d3b;\n}\n\t\t\t<\/style>\n\t\t\t[\/et_pb_code][\/et_pb_column][\/et_pb_row][\/et_pb_section]<\/p>\n","protected":false},"excerpt":{"rendered":"<p>La politica di sviluppo della superficie vitata \u00e8 stata finalizzata ad esaltare la tipicit\u00e0 e la qualit\u00e0 dei vini attraverso una scelta mirata delle combinazioni vitigno\/clone\/portinnesto: i vigneti della\u00a0Tenuta Malpaga\u00a0a\u00a0Canneto Pavese\u00a0caratterizzati da terreni sciolti magri e tendenzialmente asciutti, con un clima mite e ventilato per la conformazione collinare, sono stati destinati alla produzione del tradizionale [&hellip;]<\/p>\n","protected":false},"author":1,"featured_media":0,"parent":0,"menu_order":0,"comment_status":"closed","ping_status":"closed","template":"","meta":{"_et_pb_use_builder":"on","_et_pb_old_content":"","_et_gb_content_width":"","footnotes":""},"class_list":["post-120","page","type-page","status-publish","hentry"],"_links":{"self":[{"href":"https:\/\/staging.malpaga.it\/index.php?rest_route=\/wp\/v2\/pages\/120","targetHints":{"allow":["GET"]}}],"collection":[{"href":"https:\/\/staging.malpaga.it\/index.php?rest_route=\/wp\/v2\/pages"}],"about":[{"href":"https:\/\/staging.malpaga.it\/index.php?rest_route=\/wp\/v2\/types\/page"}],"author":[{"embeddable":true,"href":"https:\/\/staging.malpaga.it\/index.php?rest_route=\/wp\/v2\/users\/1"}],"replies":[{"embeddable":true,"href":"https:\/\/staging.malpaga.it\/index.php?rest_route=%2Fwp%2Fv2%2Fcomments&post=120"}],"version-history":[{"count":6,"href":"https:\/\/staging.malpaga.it\/index.php?rest_route=\/wp\/v2\/pages\/120\/revisions"}],"predecessor-version":[{"id":1511,"href":"https:\/\/staging.malpaga.it\/index.php?rest_route=\/wp\/v2\/pages\/120\/revisions\/1511"}],"wp:attachment":[{"href":"https:\/\/staging.malpaga.it\/index.php?rest_route=%2Fwp%2Fv2%2Fmedia&parent=120"}],"curies":[{"name":"wp","href":"https:\/\/api.w.org\/{rel}","templated":true}]}}