{"id":1359,"date":"2023-02-13T16:45:34","date_gmt":"2023-02-13T15:45:34","guid":{"rendered":"https:\/\/staging.malpaga.it\/?page_id=1359"},"modified":"2023-03-17T12:38:02","modified_gmt":"2023-03-17T11:38:02","slug":"vini-bianchi-e-rose-della-tenuta-malpaga","status":"publish","type":"page","link":"https:\/\/staging.malpaga.it\/?page_id=1359","title":{"rendered":"Vini Bianchi e Ros\u00e8 della Tenuta Malpaga"},"content":{"rendered":"<p>[et_pb_section fb_built=&#8221;1&#8243; fullwidth=&#8221;on&#8221; _builder_version=&#8221;4.19.5&#8243; _module_preset=&#8221;default&#8221; background_color=&#8221;rgba(224,184,109,0.76)&#8221; background_enable_image=&#8221;off&#8221; global_colors_info=&#8221;{}&#8221;][et_pb_fullwidth_header title=&#8221;Vini Bianchi e Ros\u00e8&#8221; _builder_version=&#8221;4.19.5&#8243; _module_preset=&#8221;default&#8221; title_font=&#8221;MonteCarlo|700|||||||&#8221; title_text_align=&#8221;center&#8221; title_font_size=&#8221;100px&#8221; background_enable_color=&#8221;off&#8221; custom_padding=&#8221;30px||30px||false|false&#8221; title_text_shadow_style=&#8221;preset4&#8243; global_colors_info=&#8221;{}&#8221;][\/et_pb_fullwidth_header][\/et_pb_section][et_pb_section fb_built=&#8221;1&#8243; admin_label=&#8221;Best Beans&#8221; _builder_version=&#8221;4.19.5&#8243; background_color_gradient_direction=&#8221;90deg&#8221; background_enable_image=&#8221;off&#8221; custom_padding=&#8221;0px|0px|0px|0px&#8221; global_colors_info=&#8221;{}&#8221;][et_pb_row column_structure=&#8221;1_2,1_2&#8243; _builder_version=&#8221;4.19.5&#8243; _module_preset=&#8221;default&#8221; global_colors_info=&#8221;{}&#8221;][et_pb_column type=&#8221;1_2&#8243; _builder_version=&#8221;4.19.5&#8243; _module_preset=&#8221;default&#8221; custom_padding=&#8221;3px|5px|3px|5px|false|true&#8221; border_radii=&#8221;on|2px|2px|2px|2px&#8221; border_width_all=&#8221;2px&#8221; border_color_all=&#8221;#E09900&#8243; global_colors_info=&#8221;{}&#8221;][et_pb_text _builder_version=&#8221;4.19.5&#8243; _module_preset=&#8221;default&#8221; text_font=&#8221;MonteCarlo|700|||||||&#8221; text_font_size=&#8221;48px&#8221; custom_margin=&#8221;10px||||false|false&#8221; custom_padding=&#8221;||||false|false&#8221; global_colors_info=&#8221;{}&#8221;]<\/p>\n<p>Pinot Nero Oltrep\u00f2 Pavese<\/p>\n<p>[\/et_pb_text][et_pb_image src=&#8221;https:\/\/staging.malpaga.it\/wp-content\/uploads\/2023\/02\/pinot_nero.jpg&#8221; title_text=&#8221;pinot_nero&#8221; show_in_lightbox=&#8221;on&#8221; align=&#8221;center&#8221; _builder_version=&#8221;4.19.5&#8243; _module_preset=&#8221;default&#8221; global_colors_info=&#8221;{}&#8221;][\/et_pb_image][et_pb_image src=&#8221;https:\/\/staging.malpaga.it\/wp-content\/uploads\/2023\/02\/shop.jpg&#8221; title_text=&#8221;shop&#8221; url=&#8221;https:\/\/staging.malpaga.it\/?product=denominazione-oltrepo-pavese-metodo-classico-d-o-c-g&#8221; align=&#8221;center&#8221; _builder_version=&#8221;4.19.5&#8243; _module_preset=&#8221;default&#8221; global_colors_info=&#8221;{}&#8221;][\/et_pb_image][et_pb_text _builder_version=&#8221;4.19.5&#8243; _module_preset=&#8221;default&#8221; global_colors_info=&#8221;{}&#8221;]<\/p>\n<p><b>MANCA DESCRIZIONE<\/b><\/p>\n<p>[\/et_pb_text][\/et_pb_column][et_pb_column type=&#8221;1_2&#8243; _builder_version=&#8221;4.19.5&#8243; _module_preset=&#8221;default&#8221; border_radii=&#8221;on|2px|2px|2px|2px&#8221; border_width_all=&#8221;2px&#8221; border_color_all=&#8221;#E09900&#8243; global_colors_info=&#8221;{}&#8221;][et_pb_text _builder_version=&#8221;4.19.5&#8243; _module_preset=&#8221;default&#8221; text_font=&#8221;MonteCarlo|700|||||||&#8221; text_font_size=&#8221;48px&#8221; custom_margin=&#8221;|5px||5px|true|true&#8221; custom_padding=&#8221;10px|5px||5px|false|true&#8221; global_colors_info=&#8221;{}&#8221;]<\/p>\n<p>Riesling Oltrep\u00f2 Pavese<\/p>\n<p>[\/et_pb_text][et_pb_image src=&#8221;https:\/\/staging.malpaga.it\/wp-content\/uploads\/2023\/02\/rieslink.jpg&#8221; title_text=&#8221;rieslink&#8221; show_in_lightbox=&#8221;on&#8221; align=&#8221;center&#8221; _builder_version=&#8221;4.19.5&#8243; _module_preset=&#8221;default&#8221; global_colors_info=&#8221;{}&#8221;][\/et_pb_image][et_pb_image src=&#8221;https:\/\/staging.malpaga.it\/wp-content\/uploads\/2023\/02\/shop.jpg&#8221; title_text=&#8221;shop&#8221; url=&#8221;https:\/\/staging.malpaga.it\/?product=riesling-oltrepo-pavese-riesling-d-o-c&#8221; align=&#8221;center&#8221; _builder_version=&#8221;4.19.5&#8243; _module_preset=&#8221;default&#8221; global_colors_info=&#8221;{}&#8221;][\/et_pb_image][et_pb_text _builder_version=&#8221;4.19.5&#8243; _module_preset=&#8221;default&#8221; global_colors_info=&#8221;{}&#8221;]<\/p>\n<p><strong>Denominazione<\/strong>: Oltrep\u00f2 Pavese Riesling D.O.C.<\/p>\n<p><strong>Uvaggio<\/strong>: Riesling renano 50% Riesling Italico 50%<br \/><strong>Tipologia<\/strong>: Vino fermo<br \/><strong>Grado alcolico<\/strong>: 12,5 % vol.<br \/><strong>Vigneti<\/strong>: Montebello della Battaglia<br \/><strong>Potatura<\/strong>: Spalliera tradizionale a cordone speronato<br \/><strong>Resa uva\/Ha<\/strong>: 100 Ql.<br \/><strong>Colore<\/strong>: Giallo paglierino carico con riflessi dorati<br \/><strong>Profumo<\/strong>: molto Intenso e aromatico con sentori di idrocarburi, molto pulito l\u2019olfatto<br \/><strong>Sapore<\/strong>: Sentore di sapidita\u2019 e buona la persistenza ,<br \/><strong>Abbinamenti<\/strong>: Pesce, crostacei e primi a base di verdura<br \/><strong>Temperatura<\/strong> di servizio : 10\/12 C\u00b0<\/p>\n<p>[\/et_pb_text][\/et_pb_column][\/et_pb_row][et_pb_row column_structure=&#8221;1_2,1_2&#8243; _builder_version=&#8221;4.19.5&#8243; _module_preset=&#8221;default&#8221; global_colors_info=&#8221;{}&#8221;][et_pb_column type=&#8221;1_2&#8243; _builder_version=&#8221;4.19.5&#8243; _module_preset=&#8221;default&#8221; custom_padding=&#8221;3px|5px|3px|5px|false|true&#8221; border_radii=&#8221;on|2px|2px|2px|2px&#8221; border_width_all=&#8221;2px&#8221; border_color_all=&#8221;#E09900&#8243; global_colors_info=&#8221;{}&#8221;][et_pb_text _builder_version=&#8221;4.19.5&#8243; _module_preset=&#8221;default&#8221; text_font=&#8221;MonteCarlo|700|||||||&#8221; text_font_size=&#8221;48px&#8221; custom_margin=&#8221;10px||||false|false&#8221; custom_padding=&#8221;||||false|false&#8221; global_colors_info=&#8221;{}&#8221;]<\/p>\n<p>Pinot Nero Ros\u00e8<\/p>\n<p>[\/et_pb_text][et_pb_image src=&#8221;https:\/\/staging.malpaga.it\/wp-content\/uploads\/2023\/02\/pinot_nero_rose.jpg&#8221; title_text=&#8221;pinot_nero_rose&#8221; show_in_lightbox=&#8221;on&#8221; align=&#8221;center&#8221; _builder_version=&#8221;4.19.5&#8243; _module_preset=&#8221;default&#8221; global_colors_info=&#8221;{}&#8221;][\/et_pb_image][et_pb_image src=&#8221;https:\/\/staging.malpaga.it\/wp-content\/uploads\/2023\/02\/shop.jpg&#8221; title_text=&#8221;shop&#8221; url=&#8221;https:\/\/staging.malpaga.it\/?product=pinot-nero-rose-oltrepo-pavese-d-o-c&#8221; align=&#8221;center&#8221; _builder_version=&#8221;4.19.5&#8243; _module_preset=&#8221;default&#8221; global_colors_info=&#8221;{}&#8221;][\/et_pb_image][et_pb_text _builder_version=&#8221;4.19.5&#8243; _module_preset=&#8221;default&#8221; global_colors_info=&#8221;{}&#8221;]<\/p>\n<p><strong>Denominazione<\/strong>: Oltrepo\u2019 Pavese Pinot Nero Doc<\/p>\n<p><strong>Uvaggio<\/strong>: Pinot Nero 90% Chardonnay 10%<\/p>\n<p><strong>Tipologia<\/strong>: Vino frizzante<\/p>\n<p><strong>Vigneti<\/strong>: Zenevredo- Canneto Pavese<\/p>\n<p>[\/et_pb_text][\/et_pb_column][et_pb_column type=&#8221;1_2&#8243; _builder_version=&#8221;4.19.5&#8243; _module_preset=&#8221;default&#8221; border_radii=&#8221;on|2px|2px|2px|2px&#8221; border_width_all=&#8221;2px&#8221; border_color_all=&#8221;RGBA(255,255,255,0)&#8221; global_colors_info=&#8221;{}&#8221;][et_pb_image src=&#8221;https:\/\/staging.malpaga.it\/wp-content\/uploads\/2023\/02\/malpaga-logo-copy-1.png&#8221; title_text=&#8221;malpaga-logo-copy&#8221; _builder_version=&#8221;4.19.5&#8243; _module_preset=&#8221;default&#8221; global_colors_info=&#8221;{}&#8221;][\/et_pb_image][\/et_pb_column][\/et_pb_row][\/et_pb_section][et_pb_section fb_built=&#8221;1&#8243; _builder_version=&#8221;4.20.2&#8243; _module_preset=&#8221;default&#8221; background_color=&#8221;RGBA(255,255,255,0)&#8221; background_enable_image=&#8221;off&#8221; border_width_all=&#8221;5px&#8221; border_color_all=&#8221;#E09900&#8243; global_colors_info=&#8221;{}&#8221; theme_builder_area=&#8221;post_content&#8221;][et_pb_row column_structure=&#8221;1_2,1_2&#8243; _builder_version=&#8221;4.20.2&#8243; _module_preset=&#8221;default&#8221; global_colors_info=&#8221;{}&#8221; theme_builder_area=&#8221;post_content&#8221;][et_pb_column type=&#8221;1_2&#8243; _builder_version=&#8221;4.20.2&#8243; _module_preset=&#8221;default&#8221; global_colors_info=&#8221;{}&#8221; theme_builder_area=&#8221;post_content&#8221;][et_pb_text _builder_version=&#8221;4.20.2&#8243; _module_preset=&#8221;default&#8221; text_font=&#8221;Montaga||||||||&#8221; text_font_size=&#8221;20px&#8221; global_colors_info=&#8221;{}&#8221; theme_builder_area=&#8221;post_content&#8221;]<\/p>\n<blockquote>\n<p style=\"text-align: center;\"><span style=\"color: #ff0000;\"><strong>\u00a0NEWSLETTER DELLA TENUTA MALPAGA<\/strong><\/span><\/p>\n<\/blockquote>\n<p>[\/et_pb_text][et_pb_text _builder_version=&#8221;4.20.2&#8243; _module_preset=&#8221;default&#8221; text_font=&#8221;Montaga||||||||&#8221; text_font_size=&#8221;15px&#8221; global_colors_info=&#8221;{}&#8221; theme_builder_area=&#8221;post_content&#8221;]<\/p>\n<blockquote>\n<p style=\"text-align: justify;\"><strong>Iscrivendoti alla newsletter della Tenuta Malpaga rimarrai aggiornato sulle novit\u00e0 e sulle promozioni dei prodotti, sugli eventi e sulle degustazioni. Inoltre rimarrai anche aggiornato sulle proposte dell&#8217;<a href=\"https:\/\/www.agriturismolaroveda.com\/\" target=\"_blank\" rel=\"noopener\">Agriturismo La Roveda<\/a>, che \u00e8 parte integrante della Tenuta Malpaga.<\/strong><\/p>\n<\/blockquote>\n<p>[\/et_pb_text][\/et_pb_column][et_pb_column type=&#8221;1_2&#8243; _builder_version=&#8221;4.20.2&#8243; _module_preset=&#8221;default&#8221; global_colors_info=&#8221;{}&#8221; theme_builder_area=&#8221;post_content&#8221;][et_pb_code _builder_version=&#8221;4.20.2&#8243; _module_preset=&#8221;default&#8221; global_colors_info=&#8221;{}&#8221; theme_builder_area=&#8221;post_content&#8221;]\t\t\t<form id=\"sib_signup_form_1\" method=\"post\" class=\"sib_signup_form\">\n\t\t\t\t<div class=\"sib_loader\" style=\"display:none;\"><img\n\t\t\t\t\t\t\tsrc=\"https:\/\/staging.malpaga.it\/wp-includes\/images\/spinner.gif\" alt=\"loader\"><\/div>\n\t\t\t\t<input type=\"hidden\" name=\"sib_form_action\" value=\"subscribe_form_submit\">\n\t\t\t\t<input type=\"hidden\" name=\"sib_form_id\" value=\"1\">\n                <input type=\"hidden\" name=\"sib_form_alert_notice\" value=\"Please fill out this field\">\n                <input type=\"hidden\" name=\"sib_security\" value=\"6700f09c9a\">\n\t\t\t\t<div class=\"sib_signup_box_inside_1\">\n\t\t\t\t\t<div style=\"\/*display:none*\/\" class=\"sib_msg_disp\">\n\t\t\t\t\t<\/div>\n                    \t\t\t\t\t    <font face=\"\u201dmontaga\u201d\"><STRONG>Email*\r\n    <input type=\"email\" class=\"sib-email-area\" name=\"email\" required=\"required\">\r\n<\/p>\r\n<p class=\"sib-NAME-area\">\r\n    Nome\r\n    <input type=\"text\" class=\"sib-NAME-area\" name=\"NAME\">\r\n<\/p>\r\n<p><input type=\"checkbox\" name=\"terms\" required=\"required\">Dichiaro di accettare <a href=\"https:\/\/staging.malpaga.it\/?page_id=1464\">termini e condizioni della Privacy Policy<\/a> \r\n<strong><p class=\"sib-email-area\"><\/p>\r\n<p>\r\n    <input type=\"submit\" class=\"sib-default-btn\" value=\"Iscriviti alla newsletter della Tenuta Malpaga\">\r\n<\/p><\/strong><\/font>\r\n\t\t\t\t<\/div>\n\t\t\t<\/form>\n\t\t\t<style>\n\t\t\t\tform#sib_signup_form_1 { padding: 5px; -moz-box-sizing:border-box; -webkit-box-sizing: border-box; box-sizing: border-box; } form#sib_signup_form_1 input[type=text],form#sib_signup_form_1 input[type=email], form#sib_signup_form_1 select { width: 100%; border: 1px solid #bbb; height: auto; margin: 5px 0 0 0; } form#sib_signup_form_1 .sib-default-btn { margin: 5px 0; padding: 6px 12px; color:#fff; background-color: #333; border-color: #2E2E2E; font-size: 14px; font-weight:400; line-height: 1.4285; text-align: center; cursor: pointer; vertical-align: middle; -webkit-user-select:none; -moz-user-select:none; -ms-user-select:none; user-select:none; white-space: normal; border:1px solid transparent; border-radius: 3px; } form#sib_signup_form_1 .sib-default-btn:hover { background-color: #444; } form#sib_signup_form_1 p{ margin: 10px 0 0 0; }form#sib_signup_form_1 p.sib-alert-message {\n    padding: 6px 12px;\n    margin-bottom: 20px;\n    border: 1px solid transparent;\n    border-radius: 4px;\n    -webkit-box-sizing: border-box;\n    -moz-box-sizing: border-box;\n    box-sizing: border-box;\n}\nform#sib_signup_form_1 p.sib-alert-message-error {\n    background-color: #f2dede;\n    border-color: #ebccd1;\n    color: #a94442;\n}\nform#sib_signup_form_1 p.sib-alert-message-success {\n    background-color: #dff0d8;\n    border-color: #d6e9c6;\n    color: #3c763d;\n}\nform#sib_signup_form_1 p.sib-alert-message-warning {\n    background-color: #fcf8e3;\n    border-color: #faebcc;\n    color: #8a6d3b;\n}\n\t\t\t<\/style>\n\t\t\t[\/et_pb_code][\/et_pb_column][\/et_pb_row][\/et_pb_section]<\/p>\n","protected":false},"excerpt":{"rendered":"<p>Pinot Nero Oltrep\u00f2 PaveseMANCA DESCRIZIONERiesling Oltrep\u00f2 PaveseDenominazione: Oltrep\u00f2 Pavese Riesling D.O.C. Uvaggio: Riesling renano 50% Riesling Italico 50%Tipologia: Vino fermoGrado alcolico: 12,5 % vol.Vigneti: Montebello della BattagliaPotatura: Spalliera tradizionale a cordone speronatoResa uva\/Ha: 100 Ql.Colore: Giallo paglierino carico con riflessi doratiProfumo: molto Intenso e aromatico con sentori di idrocarburi, molto pulito l\u2019olfattoSapore: Sentore di sapidita\u2019 [&hellip;]<\/p>\n","protected":false},"author":1,"featured_media":0,"parent":0,"menu_order":0,"comment_status":"closed","ping_status":"closed","template":"","meta":{"_et_pb_use_builder":"on","_et_pb_old_content":"","_et_gb_content_width":"","footnotes":""},"class_list":["post-1359","page","type-page","status-publish","hentry"],"_links":{"self":[{"href":"https:\/\/staging.malpaga.it\/index.php?rest_route=\/wp\/v2\/pages\/1359","targetHints":{"allow":["GET"]}}],"collection":[{"href":"https:\/\/staging.malpaga.it\/index.php?rest_route=\/wp\/v2\/pages"}],"about":[{"href":"https:\/\/staging.malpaga.it\/index.php?rest_route=\/wp\/v2\/types\/page"}],"author":[{"embeddable":true,"href":"https:\/\/staging.malpaga.it\/index.php?rest_route=\/wp\/v2\/users\/1"}],"replies":[{"embeddable":true,"href":"https:\/\/staging.malpaga.it\/index.php?rest_route=%2Fwp%2Fv2%2Fcomments&post=1359"}],"version-history":[{"count":3,"href":"https:\/\/staging.malpaga.it\/index.php?rest_route=\/wp\/v2\/pages\/1359\/revisions"}],"predecessor-version":[{"id":1491,"href":"https:\/\/staging.malpaga.it\/index.php?rest_route=\/wp\/v2\/pages\/1359\/revisions\/1491"}],"wp:attachment":[{"href":"https:\/\/staging.malpaga.it\/index.php?rest_route=%2Fwp%2Fv2%2Fmedia&parent=1359"}],"curies":[{"name":"wp","href":"https:\/\/api.w.org\/{rel}","templated":true}]}}