{"id":1438,"date":"2023-03-14T09:52:27","date_gmt":"2023-03-14T08:52:27","guid":{"rendered":"https:\/\/staging.malpaga.it\/?page_id=1438"},"modified":"2023-03-14T10:00:37","modified_gmt":"2023-03-14T09:00:37","slug":"condizioni-di-vendita","status":"publish","type":"page","link":"https:\/\/staging.malpaga.it\/?page_id=1438","title":{"rendered":"Condizioni di vendita"},"content":{"rendered":"<p>[et_pb_section fb_built=&#8221;1&#8243; admin_label=&#8221;Best Beans&#8221; _builder_version=&#8221;4.19.5&#8243; background_color_gradient_direction=&#8221;90deg&#8221; background_enable_image=&#8221;off&#8221; custom_padding=&#8221;0px|0px|0px|0px&#8221; global_colors_info=&#8221;{}&#8221; theme_builder_area=&#8221;post_content&#8221;][et_pb_row _builder_version=&#8221;4.19.5&#8243; _module_preset=&#8221;default&#8221; global_colors_info=&#8221;{}&#8221; theme_builder_area=&#8221;post_content&#8221;][et_pb_column type=&#8221;4_4&#8243; _builder_version=&#8221;4.19.5&#8243; _module_preset=&#8221;default&#8221; global_colors_info=&#8221;{}&#8221; theme_builder_area=&#8221;post_content&#8221;][et_pb_text _builder_version=&#8221;4.20.0&#8243; _module_preset=&#8221;default&#8221; text_font=&#8221;Montaga||||||||&#8221; text_font_size=&#8221;15px&#8221; hover_enabled=&#8221;0&#8243; global_colors_info=&#8221;{}&#8221; theme_builder_area=&#8221;post_content&#8221; sticky_enabled=&#8221;0&#8243;]<\/p>\n<p style=\"text-align: justify;\"><strong>CONDIZIONI DI VENDITA<\/strong><\/p>\n<p style=\"text-align: justify;\"><strong>Condizioni di vendita<\/strong><\/p>\n<p style=\"text-align: justify;\">Il titolare del presente sito \u00e8 SOCIETA AGRICOLA MALPAGA di Gorini Luca e Sara S.S., P.IVA: IT00563010180 con sede in Via IV Novembre 16 27044 &#8211; Canneto Pavese (PV) (per brevit\u00e0 Azienda o Titolare). Le presenti condizioni di vendita disciplinano la vendita dei prodotti venduti dall\u2019Azienda attraverso il sito internet malpaga.it. Eventuali modifiche o nuove condizioni di vendita verranno tempestivamente segnalate agli utenti, saranno efficaci dal momento della pubblicazione sul sito e verranno applicate alle sole vendite concluse successivamente alla pubblicazione.<\/p>\n<p style=\"text-align: justify;\"><strong>Accettazione delle Condizioni di Vendita<\/strong><\/p>\n<p style=\"text-align: justify;\">Effettuando un ordine nelle varie modalit\u00e0 previste, l\u2019Utente dichiara di aver preso visione delle indicazioni fornite durante la procedura d&#8217;acquisto e di accettare le condizioni di seguito trascritte. Si invita pertanto l\u2019Utente a leggere attentamente le presenti condizioni di vendita e a stamparle o a salvarle su altro supporto duraturo a lui accessibile.<\/p>\n<p style=\"text-align: justify;\"><strong>Prezzi<\/strong><\/p>\n<p style=\"text-align: justify;\">Tutti i prezzi di vendita riportati sul sito malpaga.it sono espressi in Euro inclusivi di IVA, salvo dove diversamente indicato, ma non includono eventuali dazi, imposte o tasse dovute nel Paese di destinazione, se diverso dall\u2019Italia, la cui verifica e pagamento spetta unicamente all\u2019acquirente. I prezzi pubblicati sono soggetti a possibili variazioni senza alcun obbligo di preavviso agli utenti del sito.<\/p>\n<p style=\"text-align: justify;\"><strong>Procedura d\u2019acquisto<\/strong><\/p>\n<p style=\"text-align: justify;\">Ciascun ordine inviato costituisce un\u2019offerta per l\u2019acquisto dei prodotti. Gli ordini sono soggetti alla disponibilit\u00e0 ed alla discrezionale accettazione del Titolare. L\u2019Utente deve selezionare i prodotti e completare il check-out, dopo aver verificato attentamente le informazioni contenute nel riepilogo d\u2019ordine. L\u2019ordine \u00e8 effettuato mediante la conferma dello stesso ed \u00e8 subordinato al pagamento di tutte le voci indicate nel modulo di Riepilogo dell\u2019Ordine.\u00a0 La Ricevuta di elaborazione d\u2019Ordine non costituisce accettazione dell\u2019ordine. La conclusione del contratto avviene al momento dell\u2019invio della Conferma d\u2019Ordine da parte del Titolare all\u2019indirizzo email fornito dall\u2019Utente. Il Titolare si riserva la possibilit\u00e0 di non confermare un ordine, comunicando all&#8217;Utente entro 7 giorni lavorativi dall&#8217;inserimento dell&#8217;ordine, all&#8217;indirizzo email fornito in fase di registrazione, l&#8217;eventuale indisponibilit\u00e0 di uno o pi\u00f9 dei prodotti acquistati. In questo caso il Titolare provveder\u00e0 al rimborso del prezzo e delle spese di spedizione sostenute dall&#8217;Utente. Sino al completo pagamento del prezzo dei prodotti ordinati, i prodotti restano di propriet\u00e0 del Titolare.<\/p>\n<p style=\"text-align: justify;\"><strong>Modalit\u00e0 di pagamento<\/strong><\/p>\n<p style=\"text-align: justify;\">Il sito utilizza strumenti terzi per l&#8217;elaborazione dei pagamenti e non entra in alcun modo in contatto con dati di pagamento forniti, come, ad esempio, quelli relativi alla carta di credito. Il Titolare non potr\u00e0 essere ritenuta responsabile per l\u2019eventuale rifiuto del pagamento da parte dei fornitori di sistemi di pagamento n\u00e9 per conseguenze dirette o indirette derivanti dall\u2019utilizzo della carta di credito per eseguire il pagamento. Eventuali costi di gestione di pagamenti dell\u2019Utente non accettati saranno addebitati all\u2019Utente.<\/p>\n<p style=\"text-align: justify;\">Descrizione dei prodotti<\/p>\n<p style=\"text-align: justify;\">Il Titolare far\u00e0 del proprio meglio per presentare le caratteristiche dei prodotti col maggior grado di dettaglio possibile sul sito, all&#8217;interno di ciascuna scheda corrispondente al prodotto visionato dall&#8217;Utente. I prezzi, le descrizioni o la disponibilit\u00e0 dei prodotti esposti sono soggetti a modifica senza preavviso. Le immagini presenti sul sito sono fornite all&#8217;Utente a solo scopo informativo e per agevolare il riconoscimento dei prodotti: a causa di variazioni nei formati e nella confezione da parte del produttore, le foto potrebbero non rispecchiare esattamente l&#8217;aspetto del prodotto consegnato. L\u2019Utente, quindi, prende atto ed accetta che tali eventuali differenze non costituiscono difetto di conformit\u00e0 dei prodotti.<\/p>\n<p style=\"text-align: justify;\"><strong>Consegna e spese di spedizione<\/strong><\/p>\n<p style=\"text-align: justify;\">Le eventuali spese di spedizione vengono comunicate all&#8217;Utente al momento dell&#8217;acquisto. I tempi di consegna variano da 5 a 10 giorni lavorativi, in caso questa tempistica non venga rispettata, il Titolare provveder\u00e0 a contattare l&#8217;Utente. Gli imballi utilizzati sono estremamente sicuri ed omologati dai corrieri per garantire l\u2019assoluta integrit\u00e0 dei prodotti. In ogni caso al ricevimento dei prodotti l\u2019utente dovr\u00e0 verificare che gli stessi siano conformi a quanto ordinato e che l\u2019imballo risulti integro e non danneggiato. L\u2019Utente che effettua l\u2019acquisto tramite il sito, inoltre, dichiara e garantisce che chi ricever\u00e0 la spedizione dei prodotti acquistati sia maggiorenne secondo la legislazione a quest\u2019ultimo applicabile. In caso di mancato ritiro entro il termine stabilito dal trasportatore, i prodotti verranno restituiti al Titolare, che rimborser\u00e0 il prezzo dei prodotti, ma non il costo di spedizione. Il Titolare non pu\u00f2 essere ritenuto responsabile per errori nella consegna dovuti a inesattezze o incompletezze nella compilazione dell\u2019ordine d\u2019acquisto da parte dell&#8217;Utente, per danni eventualmente occorsi ai Prodotti successivamente alla consegna al vettore, ove quest\u2019ultimo sia stato scelto ed incaricato dall\u2019Utente o per ritardi nella consegna a quest\u2019ultimo imputabili.<\/p>\n<p style=\"text-align: justify;\"><strong>Il diritto di recesso per il consumatore<\/strong><\/p>\n<p style=\"text-align: justify;\">Il Diritto di Recesso consiste nella possibilita\u0300 da parte del consumatore di recedere, entro quattordici giorni lavorativi, da qualunque acquisto effettuato a distanza e ricevere il rimborso totale della spesa sostenuta per l\u2019acquisto senza alcuna penalita\u0300, proprio come disposto nel D. Lgs. 21\/2014, in attuazione della direttiva 2011\/83\/UE sui diritti dei consumatori, ove rientrano ovviamente anche gli acquisti effettuati via Internet. Le uniche spese non rimborsate saranno quelle di spedizione. L\u2019Utente ha diritto di recedere dal contratto di acquisto per qualsiasi motivo, senza necessit\u00e0 di fornire spiegazioni e senza alcuna penalit\u00e0, fatto salvo i casi di esclusione previsti nei successivi paragrafi. Per esercitare tale diritto, l\u2019Utente dovr\u00e0 inviare al Titolare una comunicazione all\u2019indirizzo di posta elettronica <a href=\"mailto:tenutamalpaga@malpaga.com\">tenutamalpaga@malpaga.com<\/a> , entro 14 giorni dalla data di ricevimento dei Prodotti comunicando la propria intenzione di avvalersi di questo diritto ed indicando il numero d\u2019ordine visualizzabile nella email di conferma d\u2019ordine, i prodotti per i quali si richiede di esercitare il recesso e le coordinate bancarie necessarie per ottenere il rimborso. Una volta ricevuta la conferma da parte del Titolare che autorizzi la restituzione dei prodotti, l\u2019utente avr\u00e0 a disposizione 14 giorni per effettuare, a proprie spese, la spedizione a: SOCIETA AGRICOLA MALPAGA di Gorini Luca e Sara S.S. Via IV Novembre 16 27044 &#8211; Canneto Pavese (PV). Il Titolare si impegna a rimborsare il costo di acquisto dei beni restituiti entro 14 giorni dal ricevimento degli stessi, ad esclusione delle spese di spedizione. Le clausole che riguardano l&#8217;esercizio del diritto di recesso, nonch\u00e9 le relative conseguenze ed eccezioni, si applicano esclusivamente all\u2019Utente che sia qualificabile come consumatore, cio\u00e8 all&#8217;Utente che agisce per scopi estranei alla propria attivit\u00e0 imprenditoriale e professionale.<\/p>\n<p style=\"text-align: justify;\"><strong>Limitazioni al diritto di recesso<\/strong><\/p>\n<p style=\"text-align: justify;\">Il diritto di recesso decade totalmente qualora il prodotto restituito non sia integro, ovvero:<\/p>\n<ol style=\"text-align: justify;\">\n<li>Mancanza dell\u2019imballo originale.<\/li>\n<li>Assenza di elementi integranti del prodotto.<\/li>\n<li>Danneggiamento del prodotto per cause diverse dal trasporto.<\/li>\n<\/ol>\n<p style=\"text-align: justify;\">I prodotti resi che risultino danneggiati od usati in modo diverso ed ulteriore rispetto a quanto strettamente necessario per stabilirne la natura, le caratteristiche ed il funzionamento saranno rimborsati previa detrazione della diminuzione di valore conseguente al danneggiamento od utilizzo. Il rimborso \u00e8 escluso quando la diminuzione di valore \u00e8 totale. L\u2019Utente \u00e8 pregato di inserire all\u2019interno del pacco una copia del documento di consegna ricevuto.<\/p>\n<p style=\"text-align: justify;\">Il diritto di recesso \u00e8 escluso nei seguenti casi, ai sensi dell\u2019art. 59 d.lgs 21\/2014:<\/p>\n<p style=\"text-align: justify;\">&#8211; ordine di prodotti da parte di un cliente non consumatore e\/o che richiede fattura<\/p>\n<p style=\"text-align: justify;\">&#8211; ordine di prodotti confezionati su misura o chiaramente personalizzati;<\/p>\n<p style=\"text-align: justify;\">&#8211; ordine di prodotti che rischiano di deteriorarsi o scadere rapidamente;<\/p>\n<p style=\"text-align: justify;\">&#8211; ordine di prodotti sigillati che non si prestano ad essere restituiti per motivi igienici o connessi alla protezione della salute o che sono stati aperti dopo la consegna.<\/p>\n<p style=\"text-align: justify;\">In caso una delle sopra menzionate eccezioni fosse applicabile ai beni acquistati dall\u2019Utente, quest\u2019ultimo non potr\u00e0 esercitare il diritto di recesso. In aggiunta si specifica che, per motivi igienici e di tutela degli Utenti, il diritto di recesso \u00e8 applicabile unicamente per i prodotti acquistati sul sito che possano essere restituiti e rimessi in commercio senza pericoli per la salute dei consumatori, quali ad esempio libri, gadget, utensili, ecc.<\/p>\n<p style=\"text-align: justify;\"><strong>Difetti di conformit\u00e0<\/strong><\/p>\n<p style=\"text-align: justify;\">In caso di difetti di conformit\u00e0 di Prodotti venduti tramite malpaga.it l\u2019Utente dovr\u00e0 contattare immediatamente il Titolare all\u2019indirizzo email <a href=\"mailto:tenutamalpaga@malpaga.com\">tenutamalpaga@malpaga.com<\/a>. Alla vendita dei Prodotti si applicano le garanzie legali previste dagli articoli 129, 130 e 132 del Codice del Consumo. Il Cliente ha diritto al ripristino della conformit\u00e0 del bene mediante riparazione o sostituzione oppure ad una consona riduzione del prezzo o alla risoluzione del contratto. Il Cliente decade da tali diritti, se non denuncia al Titolare il difetto di conformit\u00e0 entro il termine di due mesi dalla data in cui ha scoperto il difetto.<\/p>\n<p style=\"text-align: justify;\"><strong>Inefficacia e nullit\u00e0 parziale<\/strong><\/p>\n<p style=\"text-align: justify;\">Qualora una qualsiasi clausola delle presenti condizioni dovesse risultare nulla, non valida o inefficace, perder\u00e0 la completa o parziale efficacia. Le restanti clausole rimarranno pienamente efficaci senza alcun tipo di condizionamento derivato.<\/p>\n<p style=\"text-align: justify;\"><strong>Foro competente<\/strong><\/p>\n<p style=\"text-align: justify;\">Per tutte le controversie \u00e8 competente il Foro di Pavia. Fa eccezione il foro esclusivo del consumatore, qualora la legge lo preveda.<\/p>\n<p style=\"text-align: justify;\"><strong>Risoluzione delle controversie online per i consumatori<\/strong><\/p>\n<p style=\"text-align: justify;\">Il consumatore residente in Europa deve essere a conoscenza del fatto che la Commissione Europea ha istituito una piattaforma online che fornisce uno strumento di risoluzione alternativa delle controversie. Tale strumento pu\u00f2 essere utilizzato dal consumatore europeo per risolvere in via non giudiziale ogni controversia relativa a e\/o derivante da contratti di vendita di beni e servizi stipulati in rete. Di conseguenza, se sei un consumatore europeo, puoi usare tale piattaforma per la risoluzione di ogni disputa nascente dal contratto online stipulato con il Titolare. La piattaforma \u00e8 disponibile al seguente link. (http:\/\/ec.europa.eu\/consumers\/odr\/)<\/p>\n<p style=\"text-align: justify;\"><strong>Il Titolare \u00e8 disponibile a rispondere ad ogni quesito inoltrato all\u2019indirizzo email <a href=\"mailto:tenutamalpaga@malpaga.com\">tenutamalpaga@malpaga.com<\/a><\/strong><\/p>\n<p style=\"text-align: justify;\"><strong>Modifiche ai presenti Termini<\/strong><\/p>\n<p style=\"text-align: justify;\">Il Titolare si riserva il diritto di apportare modifiche ai Termini in qualunque momento, dandone avviso all&#8217;Utente mediante la sua pubblicazione all&#8217;interno del sito. L&#8217;Utente che continui ad utilizzare il sito successivamente alla pubblica<\/p>\n<p>[\/et_pb_text][\/et_pb_column][\/et_pb_row][\/et_pb_section]<\/p>\n","protected":false},"excerpt":{"rendered":"<p>CONDIZIONI DI VENDITA Condizioni di vendita Il titolare del presente sito \u00e8 SOCIETA AGRICOLA MALPAGA di Gorini Luca e Sara S.S., P.IVA: IT00563010180 con sede in Via IV Novembre 16 27044 &#8211; Canneto Pavese (PV) (per brevit\u00e0 Azienda o Titolare). Le presenti condizioni di vendita disciplinano la vendita dei prodotti venduti dall\u2019Azienda attraverso il sito [&hellip;]<\/p>\n","protected":false},"author":1,"featured_media":0,"parent":0,"menu_order":0,"comment_status":"closed","ping_status":"closed","template":"","meta":{"_et_pb_use_builder":"on","_et_pb_old_content":"<!-- wp:divi\/placeholder \/-->","_et_gb_content_width":"","footnotes":""},"class_list":["post-1438","page","type-page","status-publish","hentry"],"_links":{"self":[{"href":"https:\/\/staging.malpaga.it\/index.php?rest_route=\/wp\/v2\/pages\/1438","targetHints":{"allow":["GET"]}}],"collection":[{"href":"https:\/\/staging.malpaga.it\/index.php?rest_route=\/wp\/v2\/pages"}],"about":[{"href":"https:\/\/staging.malpaga.it\/index.php?rest_route=\/wp\/v2\/types\/page"}],"author":[{"embeddable":true,"href":"https:\/\/staging.malpaga.it\/index.php?rest_route=\/wp\/v2\/users\/1"}],"replies":[{"embeddable":true,"href":"https:\/\/staging.malpaga.it\/index.php?rest_route=%2Fwp%2Fv2%2Fcomments&post=1438"}],"version-history":[{"count":3,"href":"https:\/\/staging.malpaga.it\/index.php?rest_route=\/wp\/v2\/pages\/1438\/revisions"}],"predecessor-version":[{"id":1442,"href":"https:\/\/staging.malpaga.it\/index.php?rest_route=\/wp\/v2\/pages\/1438\/revisions\/1442"}],"wp:attachment":[{"href":"https:\/\/staging.malpaga.it\/index.php?rest_route=%2Fwp%2Fv2%2Fmedia&parent=1438"}],"curies":[{"name":"wp","href":"https:\/\/api.w.org\/{rel}","templated":true}]}}