{"id":1460,"date":"2023-03-16T12:23:28","date_gmt":"2023-03-16T11:23:28","guid":{"rendered":"https:\/\/staging.malpaga.it\/?page_id=1460"},"modified":"2023-03-16T12:25:39","modified_gmt":"2023-03-16T11:25:39","slug":"cookie-policy","status":"publish","type":"page","link":"https:\/\/staging.malpaga.it\/?page_id=1460","title":{"rendered":"COOKIE POLICY"},"content":{"rendered":"<p>[et_pb_section fb_built=&#8221;1&#8243; admin_label=&#8221;Best Beans&#8221; _builder_version=&#8221;4.19.5&#8243; background_color_gradient_direction=&#8221;90deg&#8221; background_enable_image=&#8221;off&#8221; custom_padding=&#8221;0px|0px|0px|0px&#8221; global_colors_info=&#8221;{}&#8221;][et_pb_row _builder_version=&#8221;4.19.5&#8243; _module_preset=&#8221;default&#8221; global_colors_info=&#8221;{}&#8221;][et_pb_column type=&#8221;4_4&#8243; _builder_version=&#8221;4.19.5&#8243; _module_preset=&#8221;default&#8221; global_colors_info=&#8221;{}&#8221;][et_pb_text _builder_version=&#8221;4.20.2&#8243; _module_preset=&#8221;default&#8221; text_font=&#8221;Montaga||||||||&#8221; text_font_size=&#8221;15px&#8221; hover_enabled=&#8221;0&#8243; global_colors_info=&#8221;{}&#8221; sticky_enabled=&#8221;0&#8243;]<\/p>\n<h1 style=\"text-align: justify;\">COOKIE POLICY<\/h1>\n<p style=\"text-align: justify;\"><b>Cosa sono i cookie e perch\u00e9 li utilizziamo<\/p>\n<p><\/b>Questo sito fa uso dei cookie per consentire all&#8217;utente di personalizzare la propria visita sul sito.<br \/>I cookie sono stringhe di testo di piccole dimensioni memorizzate dal browser sul disco rigido del computer con l&#8217;obiettivo di conservare e inviare informazioni. Ogni volta che un utente ritorna su questo sito, il browser rinvia questi cookie in modo da consentire di fornirgli un&#8217;esperienza di navigazione personalizzata, pi\u00f9 semplice e veloce evitando di fare determinate operazioni, come l&#8217;inserimento di dati, pi\u00f9 volte anche nelle successive navigazioni.<br \/>Attraverso la navigazione sul sito l&#8217;utente pu\u00f2 ricevere cookie provenienti direttamente dallo stesso ovvero inviati da siti o da web server diversi (c.d. &#8220;terze parti&#8221;), per mezzo di elementi (quali, ad esempio, immagini, mappe, suoni, link) presenti sul sito che si sta visitando.<\/p>\n<p>Tuttavia questo sito non conserva le informazioni sensibili di identificazione personale (come indirizzo e password) nei cookie di cui ci serviamo. Allo stesso tempo non vengono utilizzati i cookie per inviare pubblicit\u00e0 ai nostri utenti sulla base di dati di navigazione n\u00e9 per altre finalit\u00e0 pubblicitarie, proprie o di terzi.<\/p>\n<p><b>Dove \u00e8 possibile trovare maggiori informazioni sui cookie?<\/b><br \/>Garante Privacy:\u00a0<a href=\"https:\/\/www.garanteprivacy.it\/web\/guest\/home\/docweb\/-\/docweb-display\/docweb\/3118884\">clicca qui<\/a><\/p>\n<p><b>Disabilitazione dei cookie<\/b><br \/>L&#8217;utente \u00e8 libero di eliminare i cookie mediante le funzionalit\u00e0 messe a disposizione direttamente tramite il proprio browser. Tuttavia, se si seleziona questa configurazione disattivando le opzioni relative ai cookie, \u00e8 possibile che non si riesca pi\u00f9 ad accedere a determinate parti del sito web, la navigazione potrebbe essere pi\u00f9 lenta e non sar\u00e0 pi\u00f9 possibile servirsi di alcuni dei nostri servizi, in quanto la loro inibizione ne pregiudica le funzionalit\u00e0 di navigazione.<br \/>Per maggiori informazioni sulle modalit\u00e0 di disattivazione dei cookie dal proprio browser si prega di fare riferimento alle aree informative a tal fine predisposte.<\/p>\n<p>Microsoft Windows Explorer:\u00a0<a href=\"https:\/\/support.microsoft.com\/it-it\/windows?ui=it-IT&amp;rs=it-IT&amp;ad=IT\">clicca qui<\/a><br \/>Google Chrome:\u00a0<a href=\"https:\/\/support.google.com\/chrome\/answer\/95647?hl=it&amp;p=cpn_cook\">clicca qui<\/a><br \/>Mozilla Firefox:\u00a0<a href=\"https:\/\/support.mozilla.org\/it\/kb\/Attivare%20e%20disattivare%20i%20cookieafa\">clicca qui<\/a><br \/>Apple Safari:\u00a0<a href=\"https:\/\/www.apple.com\/legal\/privacy\/it\/cookie\/\">clicca qui<\/a><br \/>Opera:\u00a0<a href=\"https:\/\/help.opera.com\/en\/latest\/web-preferences\/#cookies\">clicca qui<\/a><\/p>\n<p>Ricordiamo che il consenso all&#8217;uso dei cookie si d\u00e0 eseguendo uno scroll (quindi scorrendo la pagina da sopra a sotto) oppure cliccando qualunque elemento della pagina.<\/p>\n<p>Tipologie di cookie esistenti<br \/>I cookie possono distinguersi in\u00a0<i>cookie proprietari<\/i>\u00a0e\u00a0<i>cookie di terze parti<\/i>\u00a0ed, ulteriormente, in\u00a0<i>cookie tecnici<\/i>\u00a0e\u00a0<i>cookie di profilazione<\/i>.<\/p>\n<p>I cookie tecnici, per cui non \u00e8 necessario alcun consenso espresso, attengono alle funzionalit\u00e0 del sito e possono a loro volta distinguersi tra:<\/p>\n<p><i>Cookie di navigazione\/sessione<\/i>. Si tratta di cookie fondamentali per navigare all&#8217;interno del sito utilizzando tutte le sue funzionalit\u00e0, come ad esempio il mantenimento della sessione e l&#8217;accesso alle aree riservate. Sono strettamente necessari, in quanto senza di essi non sarebbe possibile fornire i servizi richiesti. Questi cookie non raccolgono informazioni da utilizzare per fini commerciali.<\/p>\n<p><i>Cookie di tipo analytics<\/i>. Raccolgono informazioni, in forma aggregata, sul numero degli utenti e sulle modalit\u00e0 in cui questi visitano il sito (pagine visitate, numero di accessi, tempo di permanenza nel sito, ecc.) per ottimizzare la gestione del sito. Questi cookie non raccolgono informazioni che possano identificare in qualche modo l&#8217;utente.<\/p>\n<p><i>Cookie di funzionalit\u00e0<\/i>. Raccolgono informazioni al fine di consentire all&#8217;utente la navigazione in funzione di una serie di criteri selezionati (ad esempio, la lingua, i prodotti selezionati per l&#8217;acquisto) per migliorare il servizio reso allo stesso. Le informazioni raccolte da questo tipo di cookie sono acquisite in forma anonima.<\/p>\n<p>I\u00a0<b>cookie di profilazione<\/b>, il cui impiego comporta la prestazione del consenso alla ricezione dei cookie e al successivo utilizzo da parte nostra, vengono utilizzati per raccogliere dati di navigazione pertinenti all&#8217;utente con le preferenze manifestate dallo stesso nell&#8217;ambito della navigazione in rete.<\/p>\n<p>Una volta espresso il consenso, il nostro sito ne terr\u00e0 traccia per mezzo di un cookie tecnico per evitare di riproporre la medesima informativa nelle successive sessioni di accesso al sito.<\/p>\n<p><b>Cookie utilizzati dal presente sito<\/p>\n<p>Cookie del titolare<\/b><br \/>I cookie utilizzati sono di tipo tecnico.<\/p>\n<p><b>Cookie di terze parti<\/b><\/p>\n<p><b>Google Analytics<\/b><br \/>Sul sito sono presenti i cookie tecnici di terze parti di Google Analytics, questo \u00e8 un servizio di analisi web fornito da Google Inc. (&#8220;Google&#8221;). Questi permettono di registrare e visualizzare informazioni sull&#8217;uso del sito Web. Questi cookie permettono di ottenere informazioni tecniche dettagliate come:<br \/>\u00bb Il percorso di navigazione dell&#8217;utente<br \/>\u00bb Il numero di pagine visitate<br \/>\u00bb Il tempo trascorso tra un clic e un altro<br \/>\u00bb La login all&#8217;area riservata<br \/>\u00bb La visualizzazione di determinate risorse<\/p>\n<p>Questi cookie tengono traccia dei percorsi di navigazione permettendoci cos\u00ec di analizzare l&#8217;esperienza d&#8217;uso e migliorarne l&#8217;usabilit\u00e0. Ci\u00f2 che viene analizzato \u00e8 il dato legato all&#8217;utente, ma quest&#8217;ultimo non viene mai identificato.<\/p>\n<p>Informativa gestione dati:\u00a0<a href=\"https:\/\/developers.google.com\/analytics\/devguides\/collection\/analyticsjs\/cookie-usageprivacy\">clicca qui<\/a><\/p>\n<p>Informativa privacy:\u00a0<a href=\"https:\/\/marketingplatform.google.com\/about\/\">clicca qui<\/a><\/p>\n<p>Uso cookie Google Analytics:\u00a0<a href=\"https:\/\/developers.google.com\/analytics\/devguides\/collection\/analyticsjs\/cookie-usage\">clicca qui<\/a><\/p>\n<p>Su questo sito Google Analytics \u00e8 stato ampliato con il codice &#8220;gat.anonymizelp();&#8221; , questa integrazione di Google Analytics rende anonimo l&#8217;indirizzo IP dell&#8217;utente. L&#8217;anonimizzazione funziona abbreviando entro i confini degli Stati Membri dell&#8217;Unione Europea o in altri Paesi aderenti all&#8217;accordo sullo Spazio Economico Europeo l&#8217;indirizzo IP degli Utenti. Solo in casi eccezionali, l&#8217;indirizzo IP sar\u00e0 inviato ai server di Google ed abbreviato all&#8217;interno degli Stati Uniti. L&#8217;Utente pu\u00f2 disabilitare in modo selettivo l&#8217;azione di Google Analytics installando sul proprio browser il componente di opt-out fornito da Google. Per disabilitare la raccolta di dati da parte di Google Analytics, si rinvia al link di seguito indicato:\u00a0<a href=\"https:\/\/tools.google.com\/dlpage\/gaoptout?hl=it\">clicca qui<\/a><\/p>\n<p><b>Social Plugins<\/b><\/p>\n<p>I social plugins sono rappresentati da quei pulsanti presenti sul sito che mostrano le icone di social network (come Facebook e Twitter) e permettono agli utenti di accedere con un &#8220;click&#8221; alla pagina social selezionata dal sito. I social plugins presenti nelle pagine permettono al social network selezionato di raccogliere i dati relativi alla visita. Con questi pulsanti sono dunque installati cookie di terze parti. Con questi social plugins non viene per\u00f2 scambiata alcuna informazione di navigazione o dato dell&#8217;utente acquisiti.<\/p>\n<p>Utilizzo dei plugin del social network facebook.com gestito dalla Facebook Inc., 1601 S. California Ave, Palo Alto, CA 94304 USA<br \/>Dichiarazione tutela dati Facebook:\u00a0<a href=\"https:\/\/www.facebook.com\/privacy\/explanation\">clicca qui<\/a><\/p>\n<p>Utilizzo dei plugin del social network Twitter gestito da Twitter Inc., 795 Folsom St., Suite 600, San Francisco, CA 94107, USA (&#8220;Twitter&#8221;)<br \/>Dichiarazione tutela dati Twitter:\u00a0<a href=\"https:\/\/help.twitter.com\/it\/rules-and-policies\/twitter-cookies\">clicca qui<\/a><\/p>\n<p>Utilizzo dei plugin del social network Google+ gestito dalla Google Inc., 1600 Amphitheatre Parkway Mountain View CA 94043<br \/>Dichiarazione tutela dati Google:\u00a0<a href=\"https:\/\/policies.google.com\/privacy?hl=it\">clicca qui<\/a><\/p>\n<p>[\/et_pb_text][\/et_pb_column][\/et_pb_row][\/et_pb_section]<\/p>\n","protected":false},"excerpt":{"rendered":"<p>COOKIE POLICY Cosa sono i cookie e perch\u00e9 li utilizziamo Questo sito fa uso dei cookie per consentire all&#8217;utente di personalizzare la propria visita sul sito.I cookie sono stringhe di testo di piccole dimensioni memorizzate dal browser sul disco rigido del computer con l&#8217;obiettivo di conservare e inviare informazioni. Ogni volta che un utente ritorna [&hellip;]<\/p>\n","protected":false},"author":1,"featured_media":0,"parent":0,"menu_order":0,"comment_status":"closed","ping_status":"closed","template":"","meta":{"_et_pb_use_builder":"on","_et_pb_old_content":"<!-- wp:divi\/placeholder \/-->","_et_gb_content_width":"","footnotes":""},"class_list":["post-1460","page","type-page","status-publish","hentry"],"_links":{"self":[{"href":"https:\/\/staging.malpaga.it\/index.php?rest_route=\/wp\/v2\/pages\/1460","targetHints":{"allow":["GET"]}}],"collection":[{"href":"https:\/\/staging.malpaga.it\/index.php?rest_route=\/wp\/v2\/pages"}],"about":[{"href":"https:\/\/staging.malpaga.it\/index.php?rest_route=\/wp\/v2\/types\/page"}],"author":[{"embeddable":true,"href":"https:\/\/staging.malpaga.it\/index.php?rest_route=\/wp\/v2\/users\/1"}],"replies":[{"embeddable":true,"href":"https:\/\/staging.malpaga.it\/index.php?rest_route=%2Fwp%2Fv2%2Fcomments&post=1460"}],"version-history":[{"count":2,"href":"https:\/\/staging.malpaga.it\/index.php?rest_route=\/wp\/v2\/pages\/1460\/revisions"}],"predecessor-version":[{"id":1462,"href":"https:\/\/staging.malpaga.it\/index.php?rest_route=\/wp\/v2\/pages\/1460\/revisions\/1462"}],"wp:attachment":[{"href":"https:\/\/staging.malpaga.it\/index.php?rest_route=%2Fwp%2Fv2%2Fmedia&parent=1460"}],"curies":[{"name":"wp","href":"https:\/\/api.w.org\/{rel}","templated":true}]}}