{"id":1464,"date":"2023-03-16T12:29:19","date_gmt":"2023-03-16T11:29:19","guid":{"rendered":"https:\/\/staging.malpaga.it\/?page_id=1464"},"modified":"2023-03-17T12:31:04","modified_gmt":"2023-03-17T11:31:04","slug":"privacy-policy-2","status":"publish","type":"page","link":"https:\/\/staging.malpaga.it\/?page_id=1464","title":{"rendered":"PRIVACY POLICY"},"content":{"rendered":"<p>[et_pb_section fb_built=&#8221;1&#8243; admin_label=&#8221;Best Beans&#8221; _builder_version=&#8221;4.19.5&#8243; background_color_gradient_direction=&#8221;90deg&#8221; background_enable_image=&#8221;off&#8221; custom_padding=&#8221;0px|0px|0px|0px&#8221; global_colors_info=&#8221;{}&#8221;][et_pb_row _builder_version=&#8221;4.19.5&#8243; _module_preset=&#8221;default&#8221; global_colors_info=&#8221;{}&#8221;][et_pb_column type=&#8221;4_4&#8243; _builder_version=&#8221;4.19.5&#8243; _module_preset=&#8221;default&#8221; global_colors_info=&#8221;{}&#8221;][et_pb_text _builder_version=&#8221;4.20.2&#8243; _module_preset=&#8221;default&#8221; text_font=&#8221;Montaga||||||||&#8221; text_font_size=&#8221;15px&#8221; hover_enabled=&#8221;0&#8243; global_colors_info=&#8221;{}&#8221; sticky_enabled=&#8221;0&#8243;]<\/p>\n<h1 style=\"text-align: justify;\">PRIVACY POLICY<\/h1>\n<p style=\"text-align: justify;\"><b>INFORMATIVA PER IL TRATTAMENTO DEI DATI PERSONALI<\/b><\/p>\n<p><span>SOCIETA AGRICOLA MALPAGA di Gorini Luca e Sara S.S., P.IVA: IT00563010180 con sede in Via IV Novembre 16 27044 \u2013 Canneto Pavese (PV)<\/span> (in seguito, &#8220;Titolare&#8221;), in qualit\u00e0 di titolare del trattamento, La informa ai sensi dell&#8217;art. 13 D.Lgs. 30.6.2003 n. 196 (in seguito, &#8220;Codice Privacy&#8221;) e dell&#8217;art. 13 Regolamento UE n. 2016\/679 (in seguito, &#8220;GDPR&#8221;) che i Suoi dati saranno trattati con le modalit\u00e0 e per le finalit\u00e0 seguenti:<\/p>\n<p><b>1. Oggetto del Trattamento<br \/><\/b>Il Titolare tratta i dati personali, identificativi (ad esempio, nome, cognome, ragione sociale, indirizzo, telefono, e-mail \u2013 in seguito, &#8220;dati personali&#8221; o anche &#8220;dati&#8221;) da Lei comunicati in occasione dell&#8217;utilizzo di invio email dalla form Contatti e da acquisti presenti sul presente sito.<\/p>\n<p style=\"text-align: justify;\"><b>2. Finalit\u00e0 del trattamento<\/b><br \/>I Suoi dati personali sono trattati:<br \/>A) senza il Suo consenso espresso (art. 24 lett. a), b), c) Codice Privacy e art. 6 lett. b), e) GDPR), per le seguenti Finalit\u00e0 di Servizio:<br \/>&#8211; risposta alle comunicazioni inviate;<br \/>&#8211; esercitare i diritti del Titolare, ad esempio il diritto di difesa in giudizio;<br \/>&#8211; inviarLe via e-mail, posta e\/o sms e\/o contatti telefonici, newsletter, comunicazioni commerciali e\/o materiale pubblicitario su prodotti o servizi offerti dal Titolare e comunicazioni commerciali relative a servizi e prodotti del Titolare analoghi a quelli di cui ha gi\u00e0 usufruito, salvo Suo esplicito dissenso (art. 130 c. 4 Codice Privacy).<\/p>\n<p>B) solo previo Suo specifico e distinto consenso (artt. 23 e 130 Codice Privacy e art. 7 GDPR), per le seguenti Finalit\u00e0 di Marketing:<br \/>&#8211; inviarLe via e-mail, posta e\/o sms e\/o contatti telefonici, newsletter, comunicazioni commerciali e\/o materiale pubblicitario su prodotti o servizi offerti da partner commerciali affiliati al Titolare.<\/p>\n<p><b>3. Modalit\u00e0 di trattamento<\/b><\/p>\n<p style=\"text-align: justify;\">Il trattamento dei Suoi dati personali \u00e8 realizzato per mezzo delle operazioni indicate all&#8217;art. 4 Codice Privacy e all&#8217;art. 4 n. 2) GDPR e precisamente: raccolta, registrazione, organizzazione, conservazione, consultazione, elaborazione, modificazione, selezione, estrazione, raffronto, utilizzo, interconnessione, blocco, comunicazione, cancellazione e distruzione dei dati. I Suoi dati personali sono sottoposti a trattamento sia cartaceo che elettronico e\/o automatizzato. Il Titolare tratter\u00e0 i dati personali per il tempo necessario per adempiere alle finalit\u00e0 di cui sopra e comunque per non oltre 10 anni dalla cessazione del rapporto per le Finalit\u00e0 di Servizio e Marketing.<\/p>\n<p><b>4. Accesso ai dati<br \/><\/b>I Suoi dati potranno essere resi accessibili per le finalit\u00e0 di cui all&#8217;art. 2.A) e 2.B):<br \/>&#8211; a dipendenti e collaboratori del Titolare in Italia e all&#8217;estero, nella loro qualit\u00e0 di incaricati e\/o responsabili interni del trattamento e\/o amministratori di sistema, consulenti fiscali e del lavoro.<br \/>&#8211; a societ\u00e0 terze o altri soggetti (a titolo indicativo, developers, analisti db, etc.) che svolgono attivit\u00e0 in outsourcing per conto del Titolare, nella loro qualit\u00e0 di responsabili esterni del trattamento.<\/p>\n<p><b>5. Comunicazione dei dati<\/b><br \/>Senza la necessit\u00e0 di un espresso consenso (ex art. 24 lett. a), b), d) Codice Privacy e art. 6 lett. b) e c) GDPR), il Titolare potr\u00e0 comunicare i Suoi dati per le finalit\u00e0 di cui all&#8217;art. 2.A) a quei soggetti ai quali la comunicazione sia obbligatoria per legge per l&#8217;espletamento delle finalit\u00e0 dette. Detti soggetti tratteranno i dati nella loro qualit\u00e0 di autonomi titolari del trattamento. I Suoi dati non saranno diffusi.<\/p>\n<p><b>6. Trasferimento dati<br \/><\/b>I dati personali sono conservati su server ubicati in Italia, all&#8217;interno dell&#8217;Unione Europea. Resta in ogni caso inteso che il Titolare, ove si rendesse necessario, avr\u00e0 facolt\u00e0 di spostare i server anche extra-UE. In tal caso, il Titolare assicura sin d&#8217;ora che il trasferimento dei dati extra-UE avverr\u00e0 in conformit\u00e0 alle disposizioni di legge applicabili, previa stipula delle clausole contrattuali standard previste dalla Commissione Europea.<\/p>\n<p><b>7. Natura del conferimento dei dati e conseguenze del rifiuto di rispondere<\/b><br \/>Il conferimento dei dati per le finalit\u00e0 di cui all&#8217;art. 2.A) \u00e8 obbligatorio. In loro assenza, non potremo garantirLe i Servizi dell&#8217;art. 2.A).<br \/>Il conferimento dei dati per le finalit\u00e0 di cui all&#8217;art. 2.B) \u00e8 invece facoltativo. Pu\u00f2 quindi decidere di non conferire alcun dato o di negare successivamente la possibilit\u00e0 di trattare dati gi\u00e0 forniti: in tal caso, non potr\u00e0 ricevere newsletter, comunicazioni commerciali e materiale pubblicitario inerenti ai Servizi offerti dal Titolare. Continuer\u00e0 comunque ad avere diritto ai Servizi di cui all&#8217;art. 2.A).<\/p>\n<p><b>8. Diritti dell&#8217;interessato<\/b><br \/>Nella Sua qualit\u00e0 di interessato, ha i diritti di cui all&#8217;art. 7 Codice Privacy e art. 15 GDPR e precisamente i diritti di:<\/p>\n<p>1. ottenere la conferma dell&#8217;esistenza o meno di dati personali che La riguardano, anche se non ancora registrati, e la loro comunicazione in forma intelligibile;<\/p>\n<p>2. ottenere l&#8217;indicazione: a) dell&#8217;origine dei dati personali; b) delle finalit\u00e0 e modalit\u00e0 del trattamento; c) della logica applicata in caso di trattamento effettuato con l&#8217;ausilio di strumenti elettronici; d) degli estremi identificativi del titolare, dei responsabili e del rappresentante designato ai sensi dell&#8217;art. 5, comma 2 Codice Privacy e art. 3, comma 1, GDPR; e) dei soggetti o delle categorie di soggetti ai quali i dati personali possono essere comunicati o che possono venirne a conoscenza in qualit\u00e0 di rappresentante designato nel territorio dello Stato, di responsabili o incaricati;<\/p>\n<p>3. ottenere: a) l&#8217;aggiornamento, la rettificazione ovvero, quando vi ha interesse, l&#8217;integrazione dei dati; b) la cancellazione, la trasformazione in forma anonima o il blocco dei dati trattati in violazione di legge, compresi quelli di cui non \u00e8 necessaria la conservazione in relazione agli scopi per i quali i dati sono stati raccolti o successivamente trattati; c) l&#8217;attestazione che le operazioni di cui alle lettere a) e b) sono state portate a conoscenza, anche per quanto riguarda il loro contenuto, di coloro ai quali i dati sono stati comunicati o diffusi, eccettuato il caso in cui tale adempimento si rivela impossibile o comporta un impiego di mezzi manifestamente sproporzionato rispetto al diritto tutelato;<\/p>\n<p style=\"text-align: justify;\">4. opporsi, in tutto o in parte: a) per motivi legittimi al trattamento dei dati personali che La riguardano, ancorch\u00e9 pertinenti allo scopo della raccolta; b) al trattamento di dati personali che La riguardano a fini di invio di materiale pubblicitario o di vendita diretta o per il compimento di ricerche di mercato o di comunicazione commerciale, mediante l&#8217;uso di sistemi automatizzati di chiamata senza l&#8217;intervento di un operatore mediante e-mail e\/o mediante modalit\u00e0 di marketing tradizionali mediante telefono e\/o posta cartacea. Si fa presente che il diritto di opposizione dell&#8217;interessato, esposto al precedente punto b), per finalit\u00e0 di marketing diretto mediante modalit\u00e0 automatizzate si estende a quelle tradizionali e che comunque resta salva la possibilit\u00e0 per l&#8217;interessato di esercitare il diritto di opposizione anche solo in parte. Pertanto, l&#8217;interessato pu\u00f2 decidere di ricevere solo comunicazioni mediante modalit\u00e0 tradizionali ovvero solo comunicazioni automatizzate oppure nessuna delle due tipologie di comunicazione. Ove applicabili, ha altres\u00ec i diritti di cui agli artt. 16-21 GDPR (Diritto di rettifica, diritto all&#8217;oblio, diritto di limitazione di trattamento, diritto alla portabilit\u00e0 dei dati, diritto di opposizione), nonch\u00e9 il diritto di reclamo all&#8217;Autorit\u00e0 Garante.<br \/><b><br \/>9. Modalit\u00e0 di esercizio dei diritti<\/b><br \/>Potr\u00e0 in qualsiasi momento esercitare i diritti inviando una e-mail all&#8217;indirizzo tenutamalapaga@malpaga.com<\/p>\n<p><b>10. Titolare, responsabile e incaricati<\/b><br \/>Il Titolare del trattamento \u00e8 <span>SOCIETA AGRICOLA MALPAGA di Gorini Luca e Sara S.S., P.IVA: IT00563010180 con sede in Via IV Novembre 16 27044 \u2013 Canneto Pavese (PV). <\/span>L&#8217;elenco aggiornato dei responsabili e degli incaricati al trattamento \u00e8 custodito presso la sede legale del Titolare del trattamento.<\/p>\n<p>[\/et_pb_text][\/et_pb_column][\/et_pb_row][\/et_pb_section][et_pb_section fb_built=&#8221;1&#8243; theme_builder_area=&#8221;post_content&#8221; _builder_version=&#8221;4.20.2&#8243; _module_preset=&#8221;default&#8221; background_color=&#8221;RGBA(255,255,255,0)&#8221; title_text=&#8221;wines&#8221; background_enable_image=&#8221;off&#8221; hover_enabled=&#8221;0&#8243; sticky_enabled=&#8221;0&#8243; border_color_all=&#8221;#E09900&#8243; border_width_all=&#8221;5px&#8221;][et_pb_row _builder_version=&#8221;4.20.2&#8243; _module_preset=&#8221;default&#8221; column_structure=&#8221;1_2,1_2&#8243; theme_builder_area=&#8221;post_content&#8221;][et_pb_column _builder_version=&#8221;4.20.2&#8243; _module_preset=&#8221;default&#8221; type=&#8221;1_2&#8243; theme_builder_area=&#8221;post_content&#8221;][et_pb_text _builder_version=&#8221;4.20.2&#8243; _module_preset=&#8221;default&#8221; theme_builder_area=&#8221;post_content&#8221; hover_enabled=&#8221;0&#8243; sticky_enabled=&#8221;0&#8243; text_font=&#8221;Montaga||||||||&#8221; text_font_size=&#8221;20px&#8221;]<\/p>\n<blockquote>\n<p style=\"text-align: center;\"><span style=\"color: #ff0000;\"><strong>\u00a0NEWSLETTER DELLA TENUTA MALPAGA<\/strong><\/span><\/p>\n<\/blockquote>\n<p>[\/et_pb_text][et_pb_text _builder_version=&#8221;4.20.2&#8243; _module_preset=&#8221;default&#8221; theme_builder_area=&#8221;post_content&#8221; hover_enabled=&#8221;0&#8243; sticky_enabled=&#8221;0&#8243; text_font=&#8221;Montaga||||||||&#8221; text_font_size=&#8221;15px&#8221;]<\/p>\n<blockquote>\n<p style=\"text-align: justify;\"><strong>Iscrivendoti alla newsletter della Tenuta Malpaga rimarrai aggiornato sulle novit\u00e0 e sulle promozioni dei prodotti, sugli eventi e sulle degustazioni. Inoltre rimarrai anche aggiornato sulle proposte dell&#8217;<a href=\"https:\/\/www.agriturismolaroveda.com\/\" target=\"_blank\" rel=\"noopener\">Agriturismo La Roveda<\/a>, che \u00e8 parte integrante della Tenuta Malpaga.<\/strong><\/p>\n<\/blockquote>\n<p>[\/et_pb_text][\/et_pb_column][et_pb_column _builder_version=&#8221;4.20.2&#8243; _module_preset=&#8221;default&#8221; type=&#8221;1_2&#8243; theme_builder_area=&#8221;post_content&#8221;][et_pb_code _builder_version=&#8221;4.20.2&#8243; _module_preset=&#8221;default&#8221; theme_builder_area=&#8221;post_content&#8221; hover_enabled=&#8221;0&#8243; sticky_enabled=&#8221;0&#8243;]\t\t\t<form id=\"sib_signup_form_1\" method=\"post\" class=\"sib_signup_form\">\n\t\t\t\t<div class=\"sib_loader\" style=\"display:none;\"><img\n\t\t\t\t\t\t\tsrc=\"https:\/\/staging.malpaga.it\/wp-includes\/images\/spinner.gif\" alt=\"loader\"><\/div>\n\t\t\t\t<input type=\"hidden\" name=\"sib_form_action\" value=\"subscribe_form_submit\">\n\t\t\t\t<input type=\"hidden\" name=\"sib_form_id\" value=\"1\">\n                <input type=\"hidden\" name=\"sib_form_alert_notice\" value=\"Please fill out this field\">\n                <input type=\"hidden\" name=\"sib_security\" value=\"6700f09c9a\">\n\t\t\t\t<div class=\"sib_signup_box_inside_1\">\n\t\t\t\t\t<div style=\"\/*display:none*\/\" class=\"sib_msg_disp\">\n\t\t\t\t\t<\/div>\n                    \t\t\t\t\t    <font face=\"\u201dmontaga\u201d\"><STRONG>Email*\r\n    <input type=\"email\" class=\"sib-email-area\" name=\"email\" required=\"required\">\r\n<\/p>\r\n<p class=\"sib-NAME-area\">\r\n    Nome\r\n    <input type=\"text\" class=\"sib-NAME-area\" name=\"NAME\">\r\n<\/p>\r\n<p><input type=\"checkbox\" name=\"terms\" required=\"required\">Dichiaro di accettare <a href=\"https:\/\/staging.malpaga.it\/?page_id=1464\">termini e condizioni della Privacy Policy<\/a> \r\n<strong><p class=\"sib-email-area\"><\/p>\r\n<p>\r\n    <input type=\"submit\" class=\"sib-default-btn\" value=\"Iscriviti alla newsletter della Tenuta Malpaga\">\r\n<\/p><\/strong><\/font>\r\n\t\t\t\t<\/div>\n\t\t\t<\/form>\n\t\t\t<style>\n\t\t\t\tform#sib_signup_form_1 { padding: 5px; -moz-box-sizing:border-box; -webkit-box-sizing: border-box; box-sizing: border-box; } form#sib_signup_form_1 input[type=text],form#sib_signup_form_1 input[type=email], form#sib_signup_form_1 select { width: 100%; border: 1px solid #bbb; height: auto; margin: 5px 0 0 0; } form#sib_signup_form_1 .sib-default-btn { margin: 5px 0; padding: 6px 12px; color:#fff; background-color: #333; border-color: #2E2E2E; font-size: 14px; font-weight:400; line-height: 1.4285; text-align: center; cursor: pointer; vertical-align: middle; -webkit-user-select:none; -moz-user-select:none; -ms-user-select:none; user-select:none; white-space: normal; border:1px solid transparent; border-radius: 3px; } form#sib_signup_form_1 .sib-default-btn:hover { background-color: #444; } form#sib_signup_form_1 p{ margin: 10px 0 0 0; }form#sib_signup_form_1 p.sib-alert-message {\n    padding: 6px 12px;\n    margin-bottom: 20px;\n    border: 1px solid transparent;\n    border-radius: 4px;\n    -webkit-box-sizing: border-box;\n    -moz-box-sizing: border-box;\n    box-sizing: border-box;\n}\nform#sib_signup_form_1 p.sib-alert-message-error {\n    background-color: #f2dede;\n    border-color: #ebccd1;\n    color: #a94442;\n}\nform#sib_signup_form_1 p.sib-alert-message-success {\n    background-color: #dff0d8;\n    border-color: #d6e9c6;\n    color: #3c763d;\n}\nform#sib_signup_form_1 p.sib-alert-message-warning {\n    background-color: #fcf8e3;\n    border-color: #faebcc;\n    color: #8a6d3b;\n}\n\t\t\t<\/style>\n\t\t\t[\/et_pb_code][\/et_pb_column][\/et_pb_row][\/et_pb_section]<\/p>\n","protected":false},"excerpt":{"rendered":"<p>PRIVACY POLICY INFORMATIVA PER IL TRATTAMENTO DEI DATI PERSONALI SOCIETA AGRICOLA MALPAGA di Gorini Luca e Sara S.S., P.IVA: IT00563010180 con sede in Via IV Novembre 16 27044 \u2013 Canneto Pavese (PV) (in seguito, &#8220;Titolare&#8221;), in qualit\u00e0 di titolare del trattamento, La informa ai sensi dell&#8217;art. 13 D.Lgs. 30.6.2003 n. 196 (in seguito, &#8220;Codice Privacy&#8221;) [&hellip;]<\/p>\n","protected":false},"author":1,"featured_media":0,"parent":0,"menu_order":0,"comment_status":"closed","ping_status":"closed","template":"","meta":{"_et_pb_use_builder":"on","_et_pb_old_content":"<!-- wp:divi\/placeholder \/-->","_et_gb_content_width":"","footnotes":""},"class_list":["post-1464","page","type-page","status-publish","hentry"],"_links":{"self":[{"href":"https:\/\/staging.malpaga.it\/index.php?rest_route=\/wp\/v2\/pages\/1464","targetHints":{"allow":["GET"]}}],"collection":[{"href":"https:\/\/staging.malpaga.it\/index.php?rest_route=\/wp\/v2\/pages"}],"about":[{"href":"https:\/\/staging.malpaga.it\/index.php?rest_route=\/wp\/v2\/types\/page"}],"author":[{"embeddable":true,"href":"https:\/\/staging.malpaga.it\/index.php?rest_route=\/wp\/v2\/users\/1"}],"replies":[{"embeddable":true,"href":"https:\/\/staging.malpaga.it\/index.php?rest_route=%2Fwp%2Fv2%2Fcomments&post=1464"}],"version-history":[{"count":4,"href":"https:\/\/staging.malpaga.it\/index.php?rest_route=\/wp\/v2\/pages\/1464\/revisions"}],"predecessor-version":[{"id":1482,"href":"https:\/\/staging.malpaga.it\/index.php?rest_route=\/wp\/v2\/pages\/1464\/revisions\/1482"}],"wp:attachment":[{"href":"https:\/\/staging.malpaga.it\/index.php?rest_route=%2Fwp%2Fv2%2Fmedia&parent=1464"}],"curies":[{"name":"wp","href":"https:\/\/api.w.org\/{rel}","templated":true}]}}